{"id":1379,"date":"2022-01-29T17:16:47","date_gmt":"2022-01-29T17:16:47","guid":{"rendered":"https:\/\/www.autofficinacassini.it\/home\/"},"modified":"2023-12-06T13:58:16","modified_gmt":"2023-12-06T13:58:16","slug":"home","status":"publish","type":"page","link":"https:\/\/www.autofficinacassini.it\/fr\/","title":{"rendered":"Home"},"content":{"rendered":"\t\t<div data-elementor-type=\"wp-page\" data-elementor-id=\"1379\" class=\"elementor elementor-1379 elementor-9\" data-elementor-post-type=\"page\">\n\t\t\t\t\t\t<section class=\"elementor-section elementor-top-section elementor-element elementor-element-ce21a8e elementor-section-height-min-height elementor-section-boxed elementor-section-height-default elementor-section-items-middle\" data-id=\"ce21a8e\" data-element_type=\"section\" data-settings=\"{&quot;background_background&quot;:&quot;classic&quot;}\">\n\t\t\t\t\t\t<div class=\"elementor-container elementor-column-gap-extended\">\n\t\t\t\t\t<div class=\"elementor-column elementor-col-50 elementor-top-column elementor-element elementor-element-b6b1963\" data-id=\"b6b1963\" data-element_type=\"column\">\n\t\t\t<div class=\"elementor-widget-wrap elementor-element-populated\">\n\t\t\t\t\t\t<div class=\"elementor-element elementor-element-09af280 elementor-widget elementor-widget-heading\" data-id=\"09af280\" data-element_type=\"widget\" data-widget_type=\"heading.default\">\n\t\t\t\t<div class=\"elementor-widget-container\">\n\t\t\t\t\t<h1 class=\"elementor-heading-title elementor-size-default\">Depuis plus de 40 ans, atelier Fiat agre\u00e9e<\/h1>\t\t\t\t<\/div>\n\t\t\t\t<\/div>\n\t\t\t\t<div class=\"elementor-element elementor-element-3d916b2 elementor-widget elementor-widget-heading\" data-id=\"3d916b2\" data-element_type=\"widget\" data-widget_type=\"heading.default\">\n\t\t\t\t<div class=\"elementor-widget-container\">\n\t\t\t\t\t<p class=\"elementor-heading-title elementor-size-default\">Cassini s'occupe des ventes, des r\u00e9visions, des r\u00e9parations et de l'entretien des voitures neuves et d'occasion.<\/p>\t\t\t\t<\/div>\n\t\t\t\t<\/div>\n\t\t\t\t<div class=\"elementor-element elementor-element-59363fc elementor-button-info elementor-mobile-align-center elementor-align-left elementor-widget elementor-widget-button\" data-id=\"59363fc\" data-element_type=\"widget\" data-widget_type=\"button.default\">\n\t\t\t\t<div class=\"elementor-widget-container\">\n\t\t\t\t\t\t\t\t\t<div class=\"elementor-button-wrapper\">\n\t\t\t\t\t<a class=\"elementor-button elementor-button-link elementor-size-sm\" href=\"https:\/\/www.autofficinacassini.it\/contatti\/\">\n\t\t\t\t\t\t<span class=\"elementor-button-content-wrapper\">\n\t\t\t\t\t\t\t\t\t<span class=\"elementor-button-text\">EN SAVOIR PLUS<\/span>\n\t\t\t\t\t<\/span>\n\t\t\t\t\t<\/a>\n\t\t\t\t<\/div>\n\t\t\t\t\t\t\t\t<\/div>\n\t\t\t\t<\/div>\n\t\t\t\t\t<\/div>\n\t\t<\/div>\n\t\t\t\t<div class=\"elementor-column elementor-col-50 elementor-top-column elementor-element elementor-element-3d0a296\" data-id=\"3d0a296\" data-element_type=\"column\">\n\t\t\t<div class=\"elementor-widget-wrap elementor-element-populated\">\n\t\t\t\t\t\t<div class=\"elementor-element elementor-element-5d4627d elementor-widget elementor-widget-image\" data-id=\"5d4627d\" data-element_type=\"widget\" data-widget_type=\"image.default\">\n\t\t\t\t<div class=\"elementor-widget-container\">\n\t\t\t\t\t\t\t\t\t\t\t\t\t\t\t<img fetchpriority=\"high\" decoding=\"async\" width=\"1200\" height=\"675\" src=\"https:\/\/www.autofficinacassini.it\/wp-content\/uploads\/2022\/01\/autofficinacassini-home-hero.png\" class=\"attachment-full size-full wp-image-1345\" alt=\"\" srcset=\"https:\/\/www.autofficinacassini.it\/wp-content\/uploads\/2022\/01\/autofficinacassini-home-hero.png 1200w, https:\/\/www.autofficinacassini.it\/wp-content\/uploads\/2022\/01\/autofficinacassini-home-hero-300x169.png 300w, https:\/\/www.autofficinacassini.it\/wp-content\/uploads\/2022\/01\/autofficinacassini-home-hero-1024x576.png 1024w, https:\/\/www.autofficinacassini.it\/wp-content\/uploads\/2022\/01\/autofficinacassini-home-hero-768x432.png 768w\" sizes=\"(max-width: 1200px) 100vw, 1200px\" \/>\t\t\t\t\t\t\t\t\t\t\t\t\t\t\t<\/div>\n\t\t\t\t<\/div>\n\t\t\t\t\t<\/div>\n\t\t<\/div>\n\t\t\t\t\t<\/div>\n\t\t<\/section>\n\t\t\t\t<section class=\"elementor-section elementor-top-section elementor-element elementor-element-9160cf3 elementor-section-boxed elementor-section-height-default elementor-section-height-default\" data-id=\"9160cf3\" data-element_type=\"section\">\n\t\t\t\t\t\t<div class=\"elementor-container elementor-column-gap-extended\">\n\t\t\t\t\t<div class=\"elementor-column elementor-col-100 elementor-top-column elementor-element elementor-element-eeff5b6\" data-id=\"eeff5b6\" data-element_type=\"column\">\n\t\t\t<div class=\"elementor-widget-wrap elementor-element-populated\">\n\t\t\t\t\t\t<div class=\"elementor-element elementor-element-c0921f6 elementor-widget elementor-widget-heading\" data-id=\"c0921f6\" data-element_type=\"widget\" data-widget_type=\"heading.default\">\n\t\t\t\t<div class=\"elementor-widget-container\">\n\t\t\t\t\t<h2 class=\"elementor-heading-title elementor-size-default\">Un point de r\u00e9f\u00e9rence dans le secteur des ateliers automobiles\u200b<\/h2>\t\t\t\t<\/div>\n\t\t\t\t<\/div>\n\t\t\t\t<div class=\"elementor-element elementor-element-88fbac3 elementor-widget elementor-widget-heading\" data-id=\"88fbac3\" data-element_type=\"widget\" data-widget_type=\"heading.default\">\n\t\t\t\t<div class=\"elementor-widget-container\">\n\t\t\t\t\t<h2 class=\"elementor-heading-title elementor-size-default\">Depuis plus de 40 ans, Cassini s'occupe dans l'entretien et la r\u00e9paration des voitures Fiat, AlfaRomeo et Lancia avec comp\u00e9tence et grand professionalisme.<br>Une \u00e9quipe de techniciens sera en mesure de r\u00e9soudre tout type de probl\u00e8me de la meillure fa\u00e7on et en tr\u00e8s peu de temps.<\/h2>\t\t\t\t<\/div>\n\t\t\t\t<\/div>\n\t\t\t\t\t<\/div>\n\t\t<\/div>\n\t\t\t\t\t<\/div>\n\t\t<\/section>\n\t\t\t\t<section class=\"elementor-section elementor-top-section elementor-element elementor-element-e0c9fda elementor-section-boxed elementor-section-height-default elementor-section-height-default\" data-id=\"e0c9fda\" data-element_type=\"section\">\n\t\t\t\t\t\t<div class=\"elementor-container elementor-column-gap-extended\">\n\t\t\t\t\t<div class=\"elementor-column elementor-col-50 elementor-top-column elementor-element elementor-element-4e6b765\" data-id=\"4e6b765\" data-element_type=\"column\" data-settings=\"{&quot;background_background&quot;:&quot;classic&quot;}\">\n\t\t\t<div class=\"elementor-widget-wrap elementor-element-populated\">\n\t\t\t\t\t\t<div class=\"elementor-element elementor-element-146faac elementor-widget elementor-widget-heading\" data-id=\"146faac\" data-element_type=\"widget\" data-widget_type=\"heading.default\">\n\t\t\t\t<div class=\"elementor-widget-container\">\n\t\t\t\t\t<h2 class=\"elementor-heading-title elementor-size-default\">SHOWROOM DE VOITURES FIAT<\/h2>\t\t\t\t<\/div>\n\t\t\t\t<\/div>\n\t\t\t\t<div class=\"elementor-element elementor-element-c0de692 elementor-widget elementor-widget-heading\" data-id=\"c0de692\" data-element_type=\"widget\" data-widget_type=\"heading.default\">\n\t\t\t\t<div class=\"elementor-widget-container\">\n\t\t\t\t\t<h2 class=\"elementor-heading-title elementor-size-default\">Le showroom propose un large choix de voitures neuves et d'occasion \u00e0 0 Km et de voitures de soci\u00e9t\u00e9 avec un financement et des conseils personnalis\u00e9s<\/h2>\t\t\t\t<\/div>\n\t\t\t\t<\/div>\n\t\t\t\t<div class=\"elementor-element elementor-element-ab58df0 elementor-button-info elementor-align-center elementor-widget__width-auto elementor-widget elementor-widget-button\" data-id=\"ab58df0\" data-element_type=\"widget\" data-widget_type=\"button.default\">\n\t\t\t\t<div class=\"elementor-widget-container\">\n\t\t\t\t\t\t\t\t\t<div class=\"elementor-button-wrapper\">\n\t\t\t\t\t<a class=\"elementor-button elementor-button-link elementor-size-sm\" href=\"https:\/\/www.autofficinacassini.it\/vendita-nuovo\/\">\n\t\t\t\t\t\t<span class=\"elementor-button-content-wrapper\">\n\t\t\t\t\t\t\t\t\t<span class=\"elementor-button-text\">V\u00c9HICULES NEUFS<\/span>\n\t\t\t\t\t<\/span>\n\t\t\t\t\t<\/a>\n\t\t\t\t<\/div>\n\t\t\t\t\t\t\t\t<\/div>\n\t\t\t\t<\/div>\n\t\t\t\t<div class=\"elementor-element elementor-element-e8966c2 elementor-button-info elementor-align-center elementor-widget__width-auto elementor-widget elementor-widget-button\" data-id=\"e8966c2\" data-element_type=\"widget\" data-widget_type=\"button.default\">\n\t\t\t\t<div class=\"elementor-widget-container\">\n\t\t\t\t\t\t\t\t\t<div class=\"elementor-button-wrapper\">\n\t\t\t\t\t<a class=\"elementor-button elementor-button-link elementor-size-sm\" href=\"https:\/\/impresapiu.subito.it\/shops\/31669-autofficina-cassini-renato-c-snc\" target=\"_blank\" rel=\"nofollow\">\n\t\t\t\t\t\t<span class=\"elementor-button-content-wrapper\">\n\t\t\t\t\t\t\t\t\t<span class=\"elementor-button-text\">V\u00c9HICULES D'OCCASION<\/span>\n\t\t\t\t\t<\/span>\n\t\t\t\t\t<\/a>\n\t\t\t\t<\/div>\n\t\t\t\t\t\t\t\t<\/div>\n\t\t\t\t<\/div>\n\t\t\t\t\t<\/div>\n\t\t<\/div>\n\t\t\t\t<div class=\"elementor-column elementor-col-50 elementor-top-column elementor-element elementor-element-cc440ff\" data-id=\"cc440ff\" data-element_type=\"column\" data-settings=\"{&quot;background_background&quot;:&quot;classic&quot;}\">\n\t\t\t<div class=\"elementor-widget-wrap elementor-element-populated\">\n\t\t\t\t\t\t<div class=\"elementor-element elementor-element-ef62676 elementor-widget elementor-widget-heading\" data-id=\"ef62676\" data-element_type=\"widget\" data-widget_type=\"heading.default\">\n\t\t\t\t<div class=\"elementor-widget-container\">\n\t\t\t\t\t<h2 class=\"elementor-heading-title elementor-size-default\">ATELIER ET R\u00c9PARTION DE VOITURES<\/h2>\t\t\t\t<\/div>\n\t\t\t\t<\/div>\n\t\t\t\t<div class=\"elementor-element elementor-element-68f53ab elementor-widget elementor-widget-heading\" data-id=\"68f53ab\" data-element_type=\"widget\" data-widget_type=\"heading.default\">\n\t\t\t\t<div class=\"elementor-widget-container\">\n\t\t\t\t\t<h2 class=\"elementor-heading-title elementor-size-default\">Le personnel de l'atelier est compos\u00e9 de techniciens form\u00e9s et constamment mis \u00e0 jour pour offrir des services de r\u00e9paration impeccables sous garantie pour les v\u00e9hicules Fiat<\/h2>\t\t\t\t<\/div>\n\t\t\t\t<\/div>\n\t\t\t\t<div class=\"elementor-element elementor-element-dd7ebd4 elementor-button-info elementor-align-center elementor-widget elementor-widget-button\" data-id=\"dd7ebd4\" data-element_type=\"widget\" data-widget_type=\"button.default\">\n\t\t\t\t<div class=\"elementor-widget-container\">\n\t\t\t\t\t\t\t\t\t<div class=\"elementor-button-wrapper\">\n\t\t\t\t\t<a class=\"elementor-button elementor-button-link elementor-size-sm\" href=\"https:\/\/www.autofficinacassini.it\/autofficina\/\">\n\t\t\t\t\t\t<span class=\"elementor-button-content-wrapper\">\n\t\t\t\t\t\t\t\t\t<span class=\"elementor-button-text\">EN SAVOIR PLUS<\/span>\n\t\t\t\t\t<\/span>\n\t\t\t\t\t<\/a>\n\t\t\t\t<\/div>\n\t\t\t\t\t\t\t\t<\/div>\n\t\t\t\t<\/div>\n\t\t\t\t\t<\/div>\n\t\t<\/div>\n\t\t\t\t\t<\/div>\n\t\t<\/section>\n\t\t\t\t<section class=\"elementor-section elementor-top-section elementor-element elementor-element-fb0cfcb elementor-reverse-mobile elementor-section-boxed elementor-section-height-default elementor-section-height-default\" data-id=\"fb0cfcb\" data-element_type=\"section\" data-settings=\"{&quot;background_background&quot;:&quot;classic&quot;}\">\n\t\t\t\t\t\t<div class=\"elementor-container elementor-column-gap-extended\">\n\t\t\t\t\t<div class=\"elementor-column elementor-col-50 elementor-top-column elementor-element elementor-element-e11a8f5\" data-id=\"e11a8f5\" data-element_type=\"column\">\n\t\t\t<div class=\"elementor-widget-wrap elementor-element-populated\">\n\t\t\t\t\t\t<div class=\"elementor-element elementor-element-0e141e5 elementor-widget elementor-widget-heading\" data-id=\"0e141e5\" data-element_type=\"widget\" data-widget_type=\"heading.default\">\n\t\t\t\t<div class=\"elementor-widget-container\">\n\t\t\t\t\t<h2 class=\"elementor-heading-title elementor-size-default\">INSPECTIONS DE VOITURES<\/h2>\t\t\t\t<\/div>\n\t\t\t\t<\/div>\n\t\t\t\t<div class=\"elementor-element elementor-element-f67002b elementor-widget elementor-widget-heading\" data-id=\"f67002b\" data-element_type=\"widget\" data-widget_type=\"heading.default\">\n\t\t\t\t<div class=\"elementor-widget-container\">\n\t\t\t\t\t<h2 class=\"elementor-heading-title elementor-size-default\">Dans noter centre, il est possible de r\u00e9viser des voitures, des motos, des cyclomoteurs, des quads, des quadricycles l\u00e9gers, des v\u00e9hicules utilitaires jusqu'\u00e0 35 quintaux, des camping-cars jusqu'\u00e0 35 quintaux.<br><br>\nGr\u00e2ce \u00e0 nos \u00e9quipements et nos techniciens qualifi\u00e9s, nous sommes en mesure de r\u00e9viser trois v\u00e9hicules en m\u00eame temps afin de r\u00e9duire les temps d'attente de nos clients.<\/h2>\t\t\t\t<\/div>\n\t\t\t\t<\/div>\n\t\t\t\t<div class=\"elementor-element elementor-element-2cb84b1 elementor-button-info elementor-align-left elementor-mobile-align-center elementor-widget elementor-widget-button\" data-id=\"2cb84b1\" data-element_type=\"widget\" data-widget_type=\"button.default\">\n\t\t\t\t<div class=\"elementor-widget-container\">\n\t\t\t\t\t\t\t\t\t<div class=\"elementor-button-wrapper\">\n\t\t\t\t\t<a class=\"elementor-button elementor-button-link elementor-size-sm\" href=\"https:\/\/www.autofficinacassini.it\/autofficina\/#revisione-auto\">\n\t\t\t\t\t\t<span class=\"elementor-button-content-wrapper\">\n\t\t\t\t\t\t\t\t\t<span class=\"elementor-button-text\">RESERVEZ-VOUS<\/span>\n\t\t\t\t\t<\/span>\n\t\t\t\t\t<\/a>\n\t\t\t\t<\/div>\n\t\t\t\t\t\t\t\t<\/div>\n\t\t\t\t<\/div>\n\t\t\t\t\t<\/div>\n\t\t<\/div>\n\t\t\t\t<div class=\"elementor-column elementor-col-50 elementor-top-column elementor-element elementor-element-4aee8be\" data-id=\"4aee8be\" data-element_type=\"column\" data-settings=\"{&quot;background_background&quot;:&quot;classic&quot;}\">\n\t\t\t<div class=\"elementor-widget-wrap elementor-element-populated\">\n\t\t\t\t\t\t<div class=\"elementor-element elementor-element-2cea0a1 elementor-hidden-desktop elementor-hidden-tablet elementor-widget elementor-widget-image\" data-id=\"2cea0a1\" data-element_type=\"widget\" data-widget_type=\"image.default\">\n\t\t\t\t<div class=\"elementor-widget-container\">\n\t\t\t\t\t\t\t\t\t\t\t\t\t\t\t<img decoding=\"async\" width=\"1200\" height=\"801\" src=\"https:\/\/www.autofficinacassini.it\/wp-content\/uploads\/2022\/01\/autofficinacassini-home-revisioni.jpg\" class=\"attachment-full size-full wp-image-1333\" alt=\"\" srcset=\"https:\/\/www.autofficinacassini.it\/wp-content\/uploads\/2022\/01\/autofficinacassini-home-revisioni.jpg 1200w, https:\/\/www.autofficinacassini.it\/wp-content\/uploads\/2022\/01\/autofficinacassini-home-revisioni-300x200.jpg 300w, https:\/\/www.autofficinacassini.it\/wp-content\/uploads\/2022\/01\/autofficinacassini-home-revisioni-1024x684.jpg 1024w, https:\/\/www.autofficinacassini.it\/wp-content\/uploads\/2022\/01\/autofficinacassini-home-revisioni-768x513.jpg 768w\" sizes=\"(max-width: 1200px) 100vw, 1200px\" \/>\t\t\t\t\t\t\t\t\t\t\t\t\t\t\t<\/div>\n\t\t\t\t<\/div>\n\t\t\t\t\t<\/div>\n\t\t<\/div>\n\t\t\t\t\t<\/div>\n\t\t<\/section>\n\t\t\t\t<\/div>\n\t\t","protected":false},"excerpt":{"rendered":"<p>Depuis plus de 40 ans, atelier Fiat agre\u00c3\u00a9e Cassini s&rsquo;occupe des ventes, des r\u00c3\u00a9visions, des r\u00c3\u00a9parations et de l&rsquo;entretien des voitures neuves et d&rsquo;occasion. EN SAVOIR PLUS Un point de r\u00c3\u00a9f\u00c3\u00a9rence dans le secteur des ateliers automobiles\u00e2\u20ac\u2039 Depuis plus de 40 ans, Cassini s&rsquo;occupe dans l&rsquo;entretien et la r\u00c3\u00a9paration des voitures Fiat, AlfaRomeo et Lancia [&hellip;]<\/p>\n","protected":false},"author":1,"featured_media":0,"parent":0,"menu_order":0,"comment_status":"closed","ping_status":"closed","template":"","meta":{"footnotes":""},"class_list":["post-1379","page","type-page","status-publish","hentry"],"_links":{"self":[{"href":"https:\/\/www.autofficinacassini.it\/fr\/wp-json\/wp\/v2\/pages\/1379","targetHints":{"allow":["GET"]}}],"collection":[{"href":"https:\/\/www.autofficinacassini.it\/fr\/wp-json\/wp\/v2\/pages"}],"about":[{"href":"https:\/\/www.autofficinacassini.it\/fr\/wp-json\/wp\/v2\/types\/page"}],"author":[{"embeddable":true,"href":"https:\/\/www.autofficinacassini.it\/fr\/wp-json\/wp\/v2\/users\/1"}],"replies":[{"embeddable":true,"href":"https:\/\/www.autofficinacassini.it\/fr\/wp-json\/wp\/v2\/comments?post=1379"}],"version-history":[{"count":15,"href":"https:\/\/www.autofficinacassini.it\/fr\/wp-json\/wp\/v2\/pages\/1379\/revisions"}],"predecessor-version":[{"id":2194,"href":"https:\/\/www.autofficinacassini.it\/fr\/wp-json\/wp\/v2\/pages\/1379\/revisions\/2194"}],"wp:attachment":[{"href":"https:\/\/www.autofficinacassini.it\/fr\/wp-json\/wp\/v2\/media?parent=1379"}],"curies":[{"name":"wp","href":"https:\/\/api.w.org\/{rel}","templated":true}]}}